{"id":114,"date":"2015-03-16T21:04:57","date_gmt":"2015-03-16T21:04:57","guid":{"rendered":"http:\/\/jorritabrahams.nl\/starhotel-wp\/?page_id=114"},"modified":"2023-11-14T12:20:44","modified_gmt":"2023-11-14T12:20:44","slug":"contato","status":"publish","type":"page","link":"https:\/\/cerradohotel.com.br\/23\/contato\/","title":{"rendered":"Contato e Localiza\u00e7\u00e3o"},"content":{"rendered":"[vc_row][vc_column width=&#8221;2\/3&#8243;]\n        <h2 class=\"lined-heading mt50\">\n            <span>\n            Contate-nos\n            <\/span>\n        <\/h2>\n        [vc_column_text]\n<p class=\"wb-stl-heading2\">Estamos a sua disposi\u00e7\u00e3o para esclarecer qualquer d\u00favida sobre nossos servi\u00e7os. N\u00e3o deixe de enviar-nos sua d\u00favidas, coment\u00e1rios, cr\u00edticas ou sugest\u00f5es.<\/p>\n<blockquote>\n<address class=\"mt50\">Em uma rua silenciosa no centro de Campo Grande, o Cerrado Hotel encontra-se localizado \u00e0 50 metros da Santa Casa de Miseric\u00f3rdia e est\u00e1 pr\u00f3ximo aos mais diversos pontos de interesse da Capital do Mato Grosso do Sul, oportunizando-lhe acesso f\u00e1cil e r\u00e1pido ao seu destino.<\/address>\n<\/blockquote>\n<p><strong>Endere\u00e7o<\/strong>: <a href=\"#\">Travessa Pepe Simioli, 93 &#8211; Centro &#8211; Campo Grande &#8211; MS, 79002-374<\/a><br \/>\n<abbr title=\"Phone\"><strong>Telefone<\/strong>:<\/abbr> <a href=\"#\">(0xx67) 3029-0901<\/a><br \/>\n<abbr title=\"Email\"><\/abbr><\/p>\n<p><abbr title=\"Phone\"><strong>Whatsapp Autoatendimento (Nossa Bot Savana)<\/strong>:<\/abbr> <a href=\"https:\/\/wa.me\/556730290901\" target=\"_blank\" rel=\"noopener\">(0xx67) 3029-0901<\/a><\/p>\n<p><strong>WhatsApp Recep\u00e7\u00e3o e Reservas<\/strong>: <a href=\"https:\/\/wa.me\/5567991709595\" target=\"_blank\" rel=\"noopener\">(0xx67) 9-9170-9595<\/a><br \/>\n<abbr title=\"Email\"><strong>E-mail<\/strong>:<\/abbr> <a href=\"mailto:reservas@cerradohotel.com.br\" target=\"_blank\" rel=\"noopener\">reservas@cerradohotel.com.br<\/a>[\/vc_column_text][\/vc_column][\/vc_row]\n","protected":false},"excerpt":{"rendered":"<p>[vc_row][vc_column width=&#8221;2\/3&#8243;][vc_column_text] Estamos a sua disposi\u00e7\u00e3o para esclarecer qualquer d\u00favida sobre nossos servi\u00e7os. N\u00e3o deixe de enviar-nos sua d\u00favidas, coment\u00e1rios, cr\u00edticas ou sugest\u00f5es. Em uma rua silenciosa no centro de Campo Grande, o Cerrado Hotel encontra-se localizado \u00e0 50 metros da Santa Casa de Miseric\u00f3rdia e est\u00e1 pr\u00f3ximo aos mais diversos pontos de interesse da [&hellip;]<\/p>\n","protected":false},"author":2,"featured_media":0,"parent":0,"menu_order":9,"comment_status":"closed","ping_status":"closed","template":"page-google-maps-header.php","meta":{"om_disable_all_campaigns":false,"_mi_skip_tracking":false},"aioseo_notices":[],"_links":{"self":[{"href":"https:\/\/cerradohotel.com.br\/23\/wp-json\/wp\/v2\/pages\/114"}],"collection":[{"href":"https:\/\/cerradohotel.com.br\/23\/wp-json\/wp\/v2\/pages"}],"about":[{"href":"https:\/\/cerradohotel.com.br\/23\/wp-json\/wp\/v2\/types\/page"}],"author":[{"embeddable":true,"href":"https:\/\/cerradohotel.com.br\/23\/wp-json\/wp\/v2\/users\/2"}],"replies":[{"embeddable":true,"href":"https:\/\/cerradohotel.com.br\/23\/wp-json\/wp\/v2\/comments?post=114"}],"version-history":[{"count":14,"href":"https:\/\/cerradohotel.com.br\/23\/wp-json\/wp\/v2\/pages\/114\/revisions"}],"predecessor-version":[{"id":742,"href":"https:\/\/cerradohotel.com.br\/23\/wp-json\/wp\/v2\/pages\/114\/revisions\/742"}],"wp:attachment":[{"href":"https:\/\/cerradohotel.com.br\/23\/wp-json\/wp\/v2\/media?parent=114"}],"curies":[{"name":"wp","href":"https:\/\/api.w.org\/{rel}","templated":true}]}}