{"id":408,"date":"2018-05-10T13:04:25","date_gmt":"2018-05-10T13:04:25","guid":{"rendered":"https:\/\/cerradohotel.com.br\/23\/?page_id=408"},"modified":"2018-05-10T19:58:44","modified_gmt":"2018-05-10T19:58:44","slug":"cafe-da-manha","status":"publish","type":"page","link":"https:\/\/cerradohotel.com.br\/23\/cafe-da-manha\/","title":{"rendered":"Caf\u00e9 da Manh\u00e3"},"content":{"rendered":"[vc_row][\/vc_row][vc_column]\n        <h2 class=\"lined-heading mt50\">\n            <span>\n             Um delicioso caf\u00e9 da manh\u00e3&#8230; \n            <\/span>\n        <\/h2>\n        \n      <table class=\"table table-striped mt30\">\n        <tbody>\n            \n        <tr>\n        \n<p>O caf\u00e9 da manh\u00e3 continental \u00e9 bastante conhecido por sua versatilidade, sabor gostoso e b\u00e1sico ao mesmo tempo.\u00a0Um refei\u00e7\u00e3o origin\u00e1ria dos caf\u00e9s de manha do mediterr\u00e2neo, \u00e9 bastante leve, contemplado com caf\u00e9, ch\u00e1s, leite, algumas op\u00e7\u00f5es de p\u00e3es, manteiga, geleia, sucos de frutas naturais, frios, iogurte e cereais. Veja os itens:<\/p>\n\n        <td>\n        <i class=\"fa fa-check-circle\"><\/i>\u00a0Frutas frescas \n        <\/td>\n  \n\n        <td>\n        <i class=\"fa fa-check-circle\"><\/i>\u00a0Cereais diversos \n        <\/td>\n  \n\n        <td>\n        <i class=\"fa fa-check-circle\"><\/i>\u00a0P\u00e3es variados \n        <\/td>\n  \n\n        <\/tr>\n  \n\n        <tr>\n        \n\n        <td>\n        <i class=\"fa fa-check-circle\"><\/i>\u00a0Frios \n        <\/td>\n  \n\n        <td>\n        <i class=\"fa fa-check-circle\"><\/i>\u00a0Bolachas \n        <\/td>\n  \n\n        <td>\n        <i class=\"fa fa-check-circle\"><\/i>\u00a0Sucos naturais \n        <\/td>\n  \n\n        <\/tr>\n  \n\n        <tr>\n        \n\n        <td>\n        <i class=\"fa fa-check-circle\"><\/i>\u00a0Caf\u00e9 quentinho \n        <\/td>\n  \n\n        <td>\n        <i class=\"fa fa-check-circle\"><\/i> Leite quente \n        <\/td>\n  \n\n        <td>\n        <i class=\"fa fa-check-circle\"><\/i> Ch\u00e1s diversos \n        <\/td>\n  \n\n        <\/tr>\n  \n\n        <tr>\n        \n\n        <td>\n        <i class=\"fa fa-check-circle\"><\/i>\u00a0Iogurtes \n        <\/td>\n  \n\n        <td>\n        <i class=\"fa fa-check-circle\"><\/i> P\u00e3o de queijo \n        <\/td>\n  \n\n        <td>\n        <i class=\"fa fa-check-circle\"><\/i>\u00a0Omelete \n        <\/td>\n  \n\n        <\/tr>\n  \n        <\/tbody>\n        <\/table>\n  [\/vc_column][vc_row][vc_column][vc_images_carousel images=&#8221;430,356,355,354,353,352,452&#8243; speed=&#8221;3500&#8243; autoplay=&#8221;yes&#8221; title=&#8221;Galeria&#8221;][\/vc_column][\/vc_row]\n","protected":false},"excerpt":{"rendered":"<p>[vc_row][\/vc_row][vc_column][\/vc_column][vc_row][vc_column][vc_images_carousel images=&#8221;430,356,355,354,353,352,452&#8243; speed=&#8221;3500&#8243; autoplay=&#8221;yes&#8221; title=&#8221;Galeria&#8221;][\/vc_column][\/vc_row]<\/p>\n","protected":false},"author":1,"featured_media":424,"parent":0,"menu_order":0,"comment_status":"closed","ping_status":"closed","template":"","meta":{"om_disable_all_campaigns":false,"_mi_skip_tracking":false},"aioseo_notices":[],"_links":{"self":[{"href":"https:\/\/cerradohotel.com.br\/23\/wp-json\/wp\/v2\/pages\/408"}],"collection":[{"href":"https:\/\/cerradohotel.com.br\/23\/wp-json\/wp\/v2\/pages"}],"about":[{"href":"https:\/\/cerradohotel.com.br\/23\/wp-json\/wp\/v2\/types\/page"}],"author":[{"embeddable":true,"href":"https:\/\/cerradohotel.com.br\/23\/wp-json\/wp\/v2\/users\/1"}],"replies":[{"embeddable":true,"href":"https:\/\/cerradohotel.com.br\/23\/wp-json\/wp\/v2\/comments?post=408"}],"version-history":[{"count":44,"href":"https:\/\/cerradohotel.com.br\/23\/wp-json\/wp\/v2\/pages\/408\/revisions"}],"predecessor-version":[{"id":421,"href":"https:\/\/cerradohotel.com.br\/23\/wp-json\/wp\/v2\/pages\/408\/revisions\/421"}],"wp:featuredmedia":[{"embeddable":true,"href":"https:\/\/cerradohotel.com.br\/23\/wp-json\/wp\/v2\/media\/424"}],"wp:attachment":[{"href":"https:\/\/cerradohotel.com.br\/23\/wp-json\/wp\/v2\/media?parent=408"}],"curies":[{"name":"wp","href":"https:\/\/api.w.org\/{rel}","templated":true}]}}