{"id":716,"date":"2023-05-16T12:12:14","date_gmt":"2023-05-16T12:12:14","guid":{"rendered":"https:\/\/cerradohotel.com.br\/23\/?page_id=716"},"modified":"2023-05-16T12:52:26","modified_gmt":"2023-05-16T12:52:26","slug":"seja-prime","status":"publish","type":"page","link":"https:\/\/cerradohotel.com.br\/23\/seja-prime\/","title":{"rendered":"Seja Prime"},"content":{"rendered":"\n<div class=\"wp-block-columns\">\n<div class=\"wp-block-column\">\n<p>Voc\u00ea sabia que o Cerrado Hotel tem seu<strong> programa de fidelidade<\/strong>, com in\u00fameros benef\u00edcios?<\/p>\n\n\n\n<p>Isso mesmo! Agora voc\u00ea pode se cadastrar em nossa <a href=\"https:\/\/hbook.hsystem.com.br\/Booking?companyId=6446dfef440eb15ad29349b2&amp;signup=true\" target=\"_blank\" rel=\"noopener\" title=\"\">\u00c1rea de Membros<\/a> e aproveitar todos os benef\u00edcios de ser um <strong>Cerrado Hotel PRIME<\/strong>!<\/p>\n\n\n\n<p>Ao fazer a reserva pela \u00c1rea de Membros, <strong>7% <\/strong>de todo o valor que voc\u00ea investir em sua hospedagem se converte em cr\u00e9ditos (cashback) para voc\u00ea utilizar livremente dentro de 12 meses, ou mesmo presentear algu\u00e9m especial transferindo-lhe os cr\u00e9ditos.<\/p>\n\n\n\n<p>Al\u00e9m disso, voc\u00ea recebe em primeira m\u00e3o nossas campanhas promocionais e tamb\u00e9m pode <strong><a href=\"https:\/\/hbook.hsystem.com.br\/Voucher?companyId=6446dfef440eb15ad29349b2\" target=\"_blank\" rel=\"noopener\" title=\"\">COMPRAR VOUCHERS <\/a><\/strong>com <strong>15% de b\u00f4nus<\/strong>.<\/p>\n\n\n\n<div class=\"wp-block-image\"><figure class=\"aligncenter size-full is-resized\"><a href=\"https:\/\/hbook.hsystem.com.br\/Voucher?companyId=6446dfef440eb15ad29349b2\" target=\"_blank\" rel=\"noopener\"><img loading=\"lazy\" src=\"https:\/\/cerradohotel.com.br\/23\/wp-content\/uploads\/2023\/05\/Voucher.jpg\" alt=\"\" class=\"wp-image-726\" width=\"244\" height=\"146\" srcset=\"https:\/\/cerradohotel.com.br\/23\/wp-content\/uploads\/2023\/05\/Voucher.jpg 945w, https:\/\/cerradohotel.com.br\/23\/wp-content\/uploads\/2023\/05\/Voucher-300x180.jpg 300w, https:\/\/cerradohotel.com.br\/23\/wp-content\/uploads\/2023\/05\/Voucher-768x461.jpg 768w\" sizes=\"(max-width: 244px) 100vw, 244px\" \/><\/a><\/figure><\/div>\n\n\n\n<p>Fa\u00e7a parte voc\u00ea tamb\u00e9m desta novidade!<\/p>\n\n\n\n<p>Acesse nossa  <a href=\"https:\/\/hbook.hsystem.com.br\/Booking?companyId=6446dfef440eb15ad29349b2&amp;signup=true\" target=\"_blank\" rel=\"noopener\" title=\"\">\u00c1rea de Membros<\/a> , fa\u00e7a seu cadastro e come\u00e7e agora mesmo a ganhar cr\u00e9ditos!<\/p>\n<\/div>\n\n\n\n<div class=\"wp-block-column\">\n<div class=\"wp-block-image\"><figure class=\"aligncenter size-large is-resized\"><img loading=\"lazy\" src=\"https:\/\/cerradohotel.com.br\/23\/wp-content\/uploads\/2023\/05\/sejaprime-1024x1024.jpg\" alt=\"\" class=\"wp-image-720\" width=\"308\" height=\"308\"\/><\/figure><\/div>\n<\/div>\n<\/div>\n","protected":false},"excerpt":{"rendered":"<p>Voc\u00ea sabia que o Cerrado Hotel tem seu programa de fidelidade, com in\u00fameros benef\u00edcios? Isso mesmo! Agora voc\u00ea pode se cadastrar em nossa \u00c1rea de Membros e aproveitar todos os benef\u00edcios de ser um Cerrado Hotel PRIME! Ao fazer a reserva pela \u00c1rea de Membros, 7% de todo o valor que voc\u00ea investir em sua [&hellip;]<\/p>\n","protected":false},"author":1,"featured_media":0,"parent":0,"menu_order":0,"comment_status":"closed","ping_status":"closed","template":"","meta":{"om_disable_all_campaigns":false,"_mi_skip_tracking":false},"aioseo_notices":[],"_links":{"self":[{"href":"https:\/\/cerradohotel.com.br\/23\/wp-json\/wp\/v2\/pages\/716"}],"collection":[{"href":"https:\/\/cerradohotel.com.br\/23\/wp-json\/wp\/v2\/pages"}],"about":[{"href":"https:\/\/cerradohotel.com.br\/23\/wp-json\/wp\/v2\/types\/page"}],"author":[{"embeddable":true,"href":"https:\/\/cerradohotel.com.br\/23\/wp-json\/wp\/v2\/users\/1"}],"replies":[{"embeddable":true,"href":"https:\/\/cerradohotel.com.br\/23\/wp-json\/wp\/v2\/comments?post=716"}],"version-history":[{"count":7,"href":"https:\/\/cerradohotel.com.br\/23\/wp-json\/wp\/v2\/pages\/716\/revisions"}],"predecessor-version":[{"id":730,"href":"https:\/\/cerradohotel.com.br\/23\/wp-json\/wp\/v2\/pages\/716\/revisions\/730"}],"wp:attachment":[{"href":"https:\/\/cerradohotel.com.br\/23\/wp-json\/wp\/v2\/media?parent=716"}],"curies":[{"name":"wp","href":"https:\/\/api.w.org\/{rel}","templated":true}]}}