{"id":745,"date":"2024-10-04T17:10:42","date_gmt":"2024-10-04T17:10:42","guid":{"rendered":"https:\/\/cerradohotel.com.br\/23\/?page_id=745"},"modified":"2024-10-04T17:10:43","modified_gmt":"2024-10-04T17:10:43","slug":"trabalhe-conosco-2","status":"publish","type":"page","link":"https:\/\/cerradohotel.com.br\/23\/trabalhe-conosco-2\/","title":{"rendered":"TRABALHE CONOSCO"},"content":{"rendered":"\n<figure class=\"wp-block-image size-full is-resized\"><img loading=\"lazy\" src=\"https:\/\/cerradohotel.com.br\/23\/wp-content\/uploads\/2024\/10\/WhatsApp-Image-2024-10-04-at-13.44.38.jpeg\" alt=\"\" class=\"wp-image-746\" width=\"271\" height=\"271\" srcset=\"https:\/\/cerradohotel.com.br\/23\/wp-content\/uploads\/2024\/10\/WhatsApp-Image-2024-10-04-at-13.44.38.jpeg 1024w, https:\/\/cerradohotel.com.br\/23\/wp-content\/uploads\/2024\/10\/WhatsApp-Image-2024-10-04-at-13.44.38-300x300.jpeg 300w, https:\/\/cerradohotel.com.br\/23\/wp-content\/uploads\/2024\/10\/WhatsApp-Image-2024-10-04-at-13.44.38-768x768.jpeg 768w\" sizes=\"(max-width: 271px) 100vw, 271px\" \/><\/figure>\n\n\n\n<p>  <\/p>\n\n\n\n<blockquote class=\"wp-block-quote\"><p>O talento vence jogos, mas s\u00f3 o trabalho em equipe ganha campeonatos!<\/p><cite>Michael Jordan<\/cite><\/blockquote>\n\n\n\n<p><\/p>\n\n\n\n<h2>Venha fazer parte voc\u00ea tamb\u00e9m de uma equipe vencedora!<\/h2>\n\n\n\n<p>Se voc\u00ea quer colaborar com o Cerrado Hotel, sendo mais um integrante desta equipe, escolha abaixo o setor desejado e, em seguida, preencha o formul\u00e1rio correspectivo. Desta forma, voc\u00ea integrar\u00e1 nosso banco de dados e, sempre que surgir uma vaga, seu nome estar\u00e1 entre as primeiras op\u00e7\u00f5es de nossa escolha!<\/p>\n\n\n\n<ul><li>Recep\u00e7\u00e3o<\/li><li>Manuten\u00e7\u00e3o<\/li><li><a href=\"https:\/\/docs.google.com\/forms\/d\/e\/1FAIpQLSdWq03f84AoH8FQFkP3XWs9ES_xuIp979ZkFSI6Bzj6HuRh5Q\/viewform?usp=sf_link\" target=\"_blank\" rel=\"noopener\" title=\"\">Camararia<\/a><\/li><li>Caf\u00e9 da manh\u00e3<\/li><li>Ger\u00eancia<\/li><\/ul>\n","protected":false},"excerpt":{"rendered":"<p>O talento vence jogos, mas s\u00f3 o trabalho em equipe ganha campeonatos! Michael Jordan Venha fazer parte voc\u00ea tamb\u00e9m de uma equipe vencedora! Se voc\u00ea quer colaborar com o Cerrado Hotel, sendo mais um integrante desta equipe, escolha abaixo o setor desejado e, em seguida, preencha o formul\u00e1rio correspectivo. Desta forma, voc\u00ea integrar\u00e1 nosso banco [&hellip;]<\/p>\n","protected":false},"author":1,"featured_media":0,"parent":0,"menu_order":0,"comment_status":"closed","ping_status":"closed","template":"","meta":{"om_disable_all_campaigns":false,"_mi_skip_tracking":false},"aioseo_notices":[],"_links":{"self":[{"href":"https:\/\/cerradohotel.com.br\/23\/wp-json\/wp\/v2\/pages\/745"}],"collection":[{"href":"https:\/\/cerradohotel.com.br\/23\/wp-json\/wp\/v2\/pages"}],"about":[{"href":"https:\/\/cerradohotel.com.br\/23\/wp-json\/wp\/v2\/types\/page"}],"author":[{"embeddable":true,"href":"https:\/\/cerradohotel.com.br\/23\/wp-json\/wp\/v2\/users\/1"}],"replies":[{"embeddable":true,"href":"https:\/\/cerradohotel.com.br\/23\/wp-json\/wp\/v2\/comments?post=745"}],"version-history":[{"count":9,"href":"https:\/\/cerradohotel.com.br\/23\/wp-json\/wp\/v2\/pages\/745\/revisions"}],"predecessor-version":[{"id":755,"href":"https:\/\/cerradohotel.com.br\/23\/wp-json\/wp\/v2\/pages\/745\/revisions\/755"}],"wp:attachment":[{"href":"https:\/\/cerradohotel.com.br\/23\/wp-json\/wp\/v2\/media?parent=745"}],"curies":[{"name":"wp","href":"https:\/\/api.w.org\/{rel}","templated":true}]}}